{"id":132,"date":"2019-10-22T14:23:26","date_gmt":"2019-10-22T14:23:26","guid":{"rendered":"http:\/\/vfb-kreuzberg.de\/?page_id=132"},"modified":"2025-08-04T08:29:13","modified_gmt":"2025-08-04T08:29:13","slug":"vorstand","status":"publish","type":"page","link":"http:\/\/vfb-kreuzberg.de\/?page_id=132","title":{"rendered":"Vorstand"},"content":{"rendered":"\n<p>Hier die Daten der Vorstandsmitglieder<\/p>\n\n\n\n<p>Dirk Reutemann, 1. Vorsitzender, Weidenweg 8, 51688 Wipperf\u00fcrth,<br>eMail: dirk.reutemann@web.de<\/p>\n\n\n\n<p>Dennis Berker, 2. Vorsitzender<br>eMail: kaiser1079@web.de<\/p>\n\n\n\n<p>Bj\u00f6rn Unterstenh\u00f6fer, Gesch\u00e4ftsf\u00fchrer, Am Rauensiepen 14, 51688 Wipperf\u00fcrth,<br>eMail: b.unterstenhoefer@gmx.de<\/p>\n\n\n\n<p>Marco Wagner, stv. Gesch\u00e4ftsf\u00fchrer, In den Lehmkuhlen 12, 51688 Wipperf\u00fcrth,<br>eMail: marcowagner1978@web.de<\/p>\n\n\n\n<p>Martin Wegerhoff, 1. Kassierer, Im Siepen 3, 51688 Wipperf\u00fcrth,<br>eMail: martin_wegerhoff@t-online.de<\/p>\n\n\n\n<p>Jens Quosdorf, 2. Kassierer, Weidenweg 14, 51688 Wipperf\u00fcrth,<br>eMail: jensquosdorf@gmx.de<\/p>\n\n\n\n<p>Thorsten B\u00f6rdgen, Jugendobmann, Weststra\u00dfe 2, 51688 Wipperf\u00fcrth,<br>eMail: t.boerdgen@gmail.com<br>Telefon: +49 1707713028<\/p>\n\n\n\n<p>Christoph Selbach, Sportliche Leitung 1. Mannschaft, <br>Hermann-L\u00f6ns-Weg 10, 51688 Wipperf\u00fcrth,<br>eMail: c.selbach@icloud.com<\/p>\n\n\n\n<p>J\u00fcrgen Meinerz, Platzwart, Schevelinger Weg 1, 51688 Wipperf\u00fcrth,<br>eMail: juergen.meinerz@gmx.de<\/p>\n","protected":false},"excerpt":{"rendered":"<p>Hier die Daten der Vorstandsmitglieder Dirk Reutemann, 1. Vorsitzender, Weidenweg 8, 51688 Wipperf\u00fcrth,eMail: dirk.reutemann@web.de Dennis Berker, 2. VorsitzendereMail: kaiser1079@web.de Bj\u00f6rn Unterstenh\u00f6fer, Gesch\u00e4ftsf\u00fchrer, Am Rauensiepen 14, 51688 Wipperf\u00fcrth,eMail: b.unterstenhoefer@gmx.de Marco Wagner, stv. Gesch\u00e4ftsf\u00fchrer, In den Lehmkuhlen 12, 51688 Wipperf\u00fcrth,eMail: marcowagner1978@web.de Martin Wegerhoff, 1. Kassierer, Im Siepen 3, 51688 Wipperf\u00fcrth,eMail: martin_wegerhoff@t-online.de Jens Quosdorf, 2. Kassierer, Weidenweg 14, [&hellip;]<\/p>\n","protected":false},"author":1,"featured_media":0,"parent":0,"menu_order":0,"comment_status":"closed","ping_status":"closed","template":"","meta":{"footnotes":""},"class_list":["post-132","page","type-page","status-publish","hentry","no-featured-image"],"_links":{"self":[{"href":"http:\/\/vfb-kreuzberg.de\/index.php?rest_route=\/wp\/v2\/pages\/132","targetHints":{"allow":["GET"]}}],"collection":[{"href":"http:\/\/vfb-kreuzberg.de\/index.php?rest_route=\/wp\/v2\/pages"}],"about":[{"href":"http:\/\/vfb-kreuzberg.de\/index.php?rest_route=\/wp\/v2\/types\/page"}],"author":[{"embeddable":true,"href":"http:\/\/vfb-kreuzberg.de\/index.php?rest_route=\/wp\/v2\/users\/1"}],"replies":[{"embeddable":true,"href":"http:\/\/vfb-kreuzberg.de\/index.php?rest_route=%2Fwp%2Fv2%2Fcomments&post=132"}],"version-history":[{"count":7,"href":"http:\/\/vfb-kreuzberg.de\/index.php?rest_route=\/wp\/v2\/pages\/132\/revisions"}],"predecessor-version":[{"id":816,"href":"http:\/\/vfb-kreuzberg.de\/index.php?rest_route=\/wp\/v2\/pages\/132\/revisions\/816"}],"wp:attachment":[{"href":"http:\/\/vfb-kreuzberg.de\/index.php?rest_route=%2Fwp%2Fv2%2Fmedia&parent=132"}],"curies":[{"name":"wp","href":"https:\/\/api.w.org\/{rel}","templated":true}]}}