{"id":134,"date":"2019-10-22T14:26:18","date_gmt":"2019-10-22T14:26:18","guid":{"rendered":"http:\/\/vfb-kreuzberg.de\/?page_id=134"},"modified":"2023-07-21T08:41:35","modified_gmt":"2023-07-21T08:41:35","slug":"impressum-datenschutz","status":"publish","type":"page","link":"http:\/\/vfb-kreuzberg.de\/?page_id=134","title":{"rendered":"Impressum\/Datenschutz"},"content":{"rendered":"\n<h1 class=\"wp-block-heading\">Impressum<\/h1>\n\n\n\n<p>Angaben gem\u00e4\u00df \u00a7 5 TMG:<br><br><\/p>\n\n\n\n<p>VfB-Kreuzberg e.V.<br>Westfalenstra\u00dfe 3a<br>51688 Wipperf\u00fcrth-Kreuzberg<\/p>\n\n\n\n<h2 class=\"wp-block-heading\">Vertreten durch:<\/h2>\n\n\n\n<p>Dirk Reutemann (1. Vorsitzender)<\/p>\n\n\n\n<h2 class=\"wp-block-heading\">Kontakt:<\/h2>\n\n\n\n<figure class=\"wp-block-table\"><table><tbody><tr><td><\/td><td><\/td><\/tr><tr><td>\nE-Mail:\n<\/td><td> dirk.reutemann@web.de<\/td><\/tr><\/tbody><\/table><\/figure>\n\n\n\n<h2 class=\"wp-block-heading\">Verantwortlich f\u00fcr den Inhalt nach \u00a7 55 Abs. 2 RStV:<\/h2>\n\n\n\n<p>Martin Wegerhoff<br>Im Siepen 3<br>51688 Wipperf\u00fcrth<br>E-Mail:   <font color=\"#006000\"><a href=\"mailto:webmaster@vfb-kreuzberg.de\">martin_wegerhoff@t-online<\/a><\/font><a href=\"mailto:webmaster@vfb-kreuzberg.de\">.de<\/a><\/p>\n\n\n\n<p>Quelle: <em>Durch den von Rechtsanwalt <a href=\"http:\/\/www.e-recht24.de\">S\u00f6ren Siebert bereitgestellten Impressum-Generator<\/a> generiert.<\/em><\/p>\n\n\n\n<h2 class=\"wp-block-heading\">Haftungsausschluss:<\/h2>\n\n\n\n<p><strong>Haftung f\u00fcr Inhalte<\/strong><\/p>\n\n\n\n<p>Die Inhalte unserer Seiten wurden mit gr\u00f6\u00dfter Sorgfalt erstellt. F\u00fcr \ndie Richtigkeit, Vollst\u00e4ndigkeit und Aktualit\u00e4t der Inhalte k\u00f6nnen wir \njedoch keine Gew\u00e4hr \u00fcbernehmen. Als Diensteanbieter sind wir gem\u00e4\u00df \u00a7 7 \nAbs.1 TMG f\u00fcr eigene Inhalte auf diesen Seiten nach den allgemeinen \nGesetzen verantwortlich. Nach \u00a7\u00a7 8 bis 10 TMG sind wir als \nDiensteanbieter jedoch nicht verpflichtet, \u00fcbermittelte oder \ngespeicherte fremde Informationen zu \u00fcberwachen oder nach Umst\u00e4nden zu \nforschen, die auf eine rechtswidrige T\u00e4tigkeit hinweisen. \nVerpflichtungen zur Entfernung oder Sperrung der Nutzung von \nInformationen nach den allgemeinen Gesetzen bleiben hiervon unber\u00fchrt. \nEine diesbez\u00fcgliche Haftung ist jedoch erst ab dem Zeitpunkt der \nKenntnis einer konkreten Rechtsverletzung m\u00f6glich. Bei Bekanntwerden von\n entsprechenden Rechtsverletzungen werden wir diese Inhalte umgehend \nentfernen.<\/p>\n\n\n\n<p><strong>Haftung f\u00fcr Links<\/strong><\/p>\n\n\n\n<p>Unser Angebot enth\u00e4lt Links zu externen Webseiten Dritter, auf deren \nInhalte wir keinen Einfluss haben. Deshalb k\u00f6nnen wir f\u00fcr diese fremden \nInhalte auch keine Gew\u00e4hr \u00fcbernehmen. F\u00fcr die Inhalte der verlinkten \nSeiten ist stets der jeweilige Anbieter oder Betreiber der Seiten \nverantwortlich. Die verlinkten Seiten wurden zum Zeitpunkt der \nVerlinkung auf m\u00f6gliche Rechtsverst\u00f6\u00dfe \u00fcberpr\u00fcft. Rechtswidrige Inhalte \nwaren zum Zeitpunkt der Verlinkung nicht erkennbar. Eine permanente \ninhaltliche Kontrolle der verlinkten Seiten ist jedoch ohne konkrete \nAnhaltspunkte einer Rechtsverletzung nicht zumutbar. Bei Bekanntwerden \nvon Rechtsverletzungen werden wir derartige Links umgehend entfernen.<\/p>\n\n\n\n<p><strong>Urheberrecht<\/strong><\/p>\n\n\n\n<p>Die durch die Seitenbetreiber erstellten Inhalte und Werke auf diesen\n Seiten unterliegen dem deutschen Urheberrecht. Die Vervielf\u00e4ltigung, \nBearbeitung, Verbreitung und jede Art der Verwertung au\u00dferhalb der \nGrenzen des Urheberrechtes bed\u00fcrfen der schriftlichen Zustimmung des \njeweiligen Autors bzw. Erstellers. Downloads und Kopien dieser Seite \nsind nur f\u00fcr den privaten, nicht kommerziellen Gebrauch gestattet. \nSoweit die Inhalte auf dieser Seite nicht vom Betreiber erstellt wurden,\n werden die Urheberrechte Dritter beachtet. Insbesondere werden Inhalte \nDritter als solche gekennzeichnet. Sollten Sie trotzdem auf eine \nUrheberrechtsverletzung aufmerksam werden, bitten wir um einen \nentsprechenden Hinweis. Bei Bekanntwerden von Rechtsverletzungen werden \nwir derartige Inhalte umgehend entfernen.<\/p>\n\n\n\n<p><strong>Datenschutz<br><\/strong>&nbsp;<br>Die\n Betreiber dieser Seiten nehmen den Schutz Ihrer pers\u00f6nlichen Daten sehr\n ernst. Wir behandeln Ihre personenbezogenen Daten vertraulich und \nentsprechend der gesetzlichen Datenschutzvorschriften sowie dieser \nDatenschutzerkl\u00e4rung. Die Nutzung unserer Website ist in der Regel ohne \nAngabe personenbezogener Daten m\u00f6glich. Soweit auf unseren Seiten \npersonenbezogene Daten (beispielsweise Name, Anschrift oder \nE-Mail-Adressen) erhoben werden, erfolgt dies, soweit m\u00f6glich, stets auf\n freiwilliger Basis. Diese Daten werden ohne Ihre ausdr\u00fcckliche \nZustimmung nicht an Dritte weitergegeben. Wir weisen darauf hin, dass \ndie Daten\u00fcbertragung im Internet (z.B. bei der Kommunikation per E-Mail)\n Sicherheitsl\u00fccken aufweisen kann. Ein l\u00fcckenloser Schutz der Daten vor \ndem Zugriff durch Dritte ist nicht m\u00f6glich.<br><br><strong>&nbsp; Cookies <\/strong><\/p>\n\n\n\n<p>Die\n Internetseiten verwenden teilweise so genannte Cookies. Cookies richten\n auf Ihrem Rechner keinen Schaden an und enthalten keine Viren. Cookies \ndienen dazu, unser Angebot nutzerfreundlicher, effektiver und sicherer \nzu machen. Cookies sind kleine Textdateien, die auf Ihrem Rechner \nabgelegt werden und die Ihr Browser speichert. Die meisten der von uns \nverwendeten Cookies sind so genannte \u201eSession-Cookies\u201c. Sie werden nach \nEnde Ihres Besuchs automatisch gel\u00f6scht. Andere Cookies bleiben auf \nIhrem Endger\u00e4t gespeichert, bis Sie diese l\u00f6schen. Diese Cookies \nerm\u00f6glichen es uns, Ihren Browser beim n\u00e4chsten Besuch wiederzuerkennen.\n Sie k\u00f6nnen Ihren Browser so einstellen, dass Sie \u00fcber das Setzen von \nCookies informiert werden und Cookies nur im Einzelfall erlauben, die \nAnnahme von Cookies f\u00fcr bestimmte F\u00e4lle oder generell ausschlie\u00dfen sowie\n das automatische L\u00f6schen der Cookies beim Schlie\u00dfen des Browser \naktivieren. Bei der Deaktivierung von Cookies kann die Funktionalit\u00e4t \ndieser Website eingeschr\u00e4nkt sein.<br><br><strong>&nbsp; Kontaktformular <\/strong><\/p>\n\n\n\n<p>Wenn  Sie uns per Kontaktformular Anfragen zukommen lassen, werden Ihre  Angaben aus dem Anfrageformular inklusive der von Ihnen dort angegebenen  Kontaktdaten zwecks Bearbeitung der Anfrage und f\u00fcr den Fall von  Anschlussfragen bei uns gespeichert. Diese Daten geben wir nicht ohne  Ihre Einwilligung weiter.<br><br>&nbsp; <strong>SSL-Verschl\u00fcsselung <\/strong><br>Diese  Seite nutzt aus Gr\u00fcnden der Sicherheit und zum Schutz der \u00dcbertragung  vertraulicher Inhalte, wie zum Beispiel der Anfragen, die Sie an uns als  Seitenbetreiber senden, eine SSLVerschl\u00fcsselung. Eine  verschl\u00fcsselte Verbindung erkennen Sie daran, dass die Adresszeile des  Browsers von &#8222;http:\/\/&#8220; auf &#8222;https:\/\/&#8220; wechselt und an dem Schloss-Symbol  in Ihrer Browserzeile. Wenn die SSL Verschl\u00fcsselung aktiviert ist,  k\u00f6nnen die Daten, die Sie an uns \u00fcbermitteln, nicht von Dritten  mitgelesen werden.<br><br><strong>&nbsp; Recht auf Auskunft, L\u00f6schung, Sperrung <\/strong><\/p>\n\n\n\n<p>Sie\n haben jederzeit das Recht auf unentgeltliche Auskunft \u00fcber Ihre \ngespeicherten personenbezogenen Daten, deren Herkunft und Empf\u00e4nger und \nden Zweck der Datenverarbeitung sowie ein Recht auf Berichtigung, \nSperrung oder L\u00f6schung dieser Daten. Hierzu sowie zu weiteren Fragen zum\n Thema personenbezogene Daten k\u00f6nnen Sie sich jederzeit unter der im \nImpressum angegebenen Adresse an uns wenden.<br><br><strong>&nbsp; Widerspruch Werbe-Mails <\/strong><\/p>\n\n\n\n<p>Der  Nutzung von im Rahmen der Impressumspflicht ver\u00f6ffentlichten  Kontaktdaten zur \u00dcbersendung von nicht ausdr\u00fccklich angeforderter  Werbung und Informationsmaterialien wird hiermit widersprochen. Die  Betreiber der Seiten behalten sich ausdr\u00fccklich rechtliche Schritte im  Falle der unverlangten Zusendung von Werbeinformationen, etwa durch  Spam-E-Mails, vor.<\/p>\n\n\n\n<p><strong>Datenschutzerkl\u00e4rung zur Nutzung der luca-App<\/strong><\/p>\n\n\n\n<p>Verarbeitungst\u00e4tigkeit luca<\/p>\n\n\n\n<p>Wir, der VfB Kreuzberg 1947 e.V., setzt das luca-System zur Erfassung von Kontaktinformationen von G\u00e4sten, Sportlerinnen\/Sportlern und Besuchern:innen zur Erf\u00fcllung der Dokumentationspflicht und Unterst\u00fctzung der Kontaktpersonenermittlung bei COVID-19 Infektionen ein. Hier werden Sie informiert, welche Daten bei der Kontaktdaten\u00fcbermittlung mittels des luca-Systems durch uns als Verantwortlichem erhoben oder uns bereitgestellt werden, wie wir Ihre personenbezogenen Daten speichern und verarbeiten und welche Rechte Ihnen als betroffene Person hinsichtlich Ihrer personenbezogenen Daten zustehen.<\/p>\n\n\n\n<p>A. VERANTWORTLICHER<\/p>\n\n\n\n<p>Der f\u00fcr die Verarbeitung personenbezogener Daten Verantwortliche ist VfB Kreuzberg 1947 e.V., der Vorstand.<\/p>\n\n\n\n<p>B. ERHEBUNG PERSONENBEZOGENER DATEN<\/p>\n\n\n\n<p>Um unserer Dokumentationspflicht und Unterst\u00fctzung der Kontaktpersonenermittlung bei COVID-19 Infektionen nachzukommen, erheben wir bei Ihrem Einchecken in unsere Sportst\u00e4tten Ihre personenbezogenen Daten. Personenbezogene Daten sind alle Informationen, die sich auf eine identifizierte oder identifizierbare nat\u00fcrliche Person beziehen. Dieses Einchecken und das damit verbundene \u00dcbermitteln Ihrer personenbezogenen Daten an uns erfolgt bevorzugt durch den Service luca in einer der folgenden Formen:<\/p>\n\n\n\n<ul class=\"wp-block-list\">\n<li>Nutzung der luca App<\/li>\n\n\n\n<li>Nutzung der luca Web-App<\/li>\n\n\n\n<li>Nutzung des luca Badge<\/li>\n\n\n\n<li>Nutzung des digitalen luca Kontaktformulars<\/li>\n<\/ul>\n\n\n\n<p>Das Einchecken mittels App kann dadurch erfolgen, dass entweder Sie unseren QR-Code scannen oder wir Ihren. Sofern Sie sich daf\u00fcr entscheiden, unseren QR-Code zu scannen, ist das Einschalten der Kamera des Endger\u00e4tes erforderlich. Gespeichert wird jedoch nur die Aufnahme des QR-Codes. Weitere neue Daten werden nicht erhoben. Sofern Sie sich \u00fcber das Kontaktformular im Browser bei uns anmelden, werden die unter Teil C beschriebenen Kontaktangaben neu erhoben.<\/p>\n\n\n\n<p>C. ART DER VERARBEITETEN DATEN<\/p>\n\n\n\n<p>Wir k\u00f6nnen die folgenden Daten von Ihnen verarbeiten, welche notwendig sind, um eine Nachverfolgung nach der jeweils g\u00fcltigen Corona-Schutzverordnung der Landes NRW zu gew\u00e4hrleisten:<\/p>\n\n\n\n<ul class=\"wp-block-list\">\n<li>Kontaktdaten: Name, Vorname, Anschrift, Telefonnummer, E-Mail-Adresse.<\/li>\n\n\n\n<li>Aufenthaltsdaten: Name bzw. Bezeichnung der Gastronomen:innen, Veranstalter:innen und sonstigen Gewerbetreibenden, bei denen Sie sich aufgehalten haben sowie Datum Ihres Aufenthalts, Beginn und Ende Ihres Aufenthalts, Adresse Ihres Aufenthalts, Geo-Koordinaten Ihres Aufenthalts.<\/li>\n\n\n\n<li>Zus\u00e4tzliche Eingabedaten: Sonstige Informationen, die Sie durch Eingabefelder in der luca Applikation einreichen, wie z. B. Ihre Tischplatznummer.<\/li>\n\n\n\n<li>Testergebnisdaten: QR-Code mit Informationen zu vollzogenen COVID-19-Tests, insb. Infektionsstatus der getesteten Person<\/li>\n\n\n\n<li>Funktionale Daten: Datenzuordnungs-IDs, Schl\u00fcssel und QR-Codes.<\/li>\n\n\n\n<li>Tempor\u00e4re Nutzungsdaten: Daten, die bei der Nutzung der luca App zeitweise anfallen k\u00f6nnen, also IP-Adresse, IP-Standort, Art und Version des eingesetzten Browsers und installierter Browser Plug-Ins, Informationen zum genutzten mobilen Netzwerk, Zeitzonen-Einstellungen, Betriebssystem und Plattform.<\/li>\n<\/ul>\n\n\n\n<p>D. ZWECKE DER VERARBEITUNG | RECHTSGRUNDLAGE DER VERARBEITUNG<\/p>\n\n\n\n<p>Im Zuge der COVID-19 Beschr\u00e4nkungen m\u00fcssen wir Ihre Kontaktdaten und Aufenthaltszeiten aufnehmen, damit in F\u00e4llen von Neuerkrankungen die Gesundheitsbeh\u00f6rde ggf. eine Kontaktkette nachvollziehen kann. Wenn wir Daten von Ihnen erhalten haben, werden wir diese grunds\u00e4tzlich nur f\u00fcr diesen Zweck verarbeiten. Die folgende \u00dcbersicht beschreibt, zu welchen Zwecken und auf welcher Rechtsgrundlage wir Ihre personenbezogenen Daten verarbeiten:<\/p>\n\n\n\n<p>1) Erhebung Ihrer Kontaktdaten, Aufenthaltsdaten, Eingabedaten und Funktionalen Daten bei Besuch von unseren R\u00e4umlichkeiten und Sportst\u00e4tten zur Erf\u00fcllung der gesetzlichen Verpflichtung.<br>Rechtsgrundlage: Art. 6 (1) 1 c) DSGVO: Auf Grundlage zur Erf\u00fcllung rechtlicher Verpflichtungen.<\/p>\n\n\n\n<p>(2) Ermittlung Ihres Aufenthalts durch Ein- und Auschecken. Diese Funktionen k\u00f6nnen unterst\u00fctzt werden durch die Nutzung der Kamera- sowie GPS-Funktion Ihres Handys, sofern Sie sich freiwillig daf\u00fcr entscheiden. Nur die Information, zu welchem Zeitpunkt Sie sich bei uns Einchecken bzw. den Radius unserer Anlagen verlassen wird gespeichert.<br>Rechtsgrundlage: Art. 6 (1) 1 a) DSGVO: Einwilligung durch Einschalten der GPS- bzw. Kamerafunktion, ggf. nach Aufforderung in der App.<br>Sie k\u00f6nnen die Einwilligung jederzeit f\u00fcr die Zukunft widerrufen, indem Sie Ihre Kamera- bzw. GPS-Funktion ausschalten. (siehe auch Teil H.).<\/p>\n\n\n\n<p>(3) Verschl\u00fcsselte Speicherung und weitere Verarbeitung Ihrer Kontaktdaten, Eingabedaten und Funktionalen Daten innerhalb der IT-Infrastruktur der culture4life GmbH.<br>Rechtsgrundlage: Art. 6 (1) 1 c) DSGVO: Auf Grundlage zur Erf\u00fcllung rechtlicher Verpflichtungen<\/p>\n\n\n\n<p>(4) Abfragen und Auslesen Ihres COVID-19-Testergebnisses auf Basis gesetzlicher Verpflichtung<br>Rechtsgrundlage: Art. 9 (2) i) DSGVO: \u00d6ffentliche Gesundheitsbelange (i.V.m. IfSG sowie den im Zusammenhang mit der Bek\u00e4mpfung von COVID19 Infektionen erlassenen Verordnungen der L\u00e4nder)<\/p>\n\n\n\n<p>(5) \u00dcbermittlung Ihrer Kontaktdaten, Aufenthaltsdaten, Eingabedaten und funktionalen Daten an Gesundheitsbeh\u00f6rden.<br>Rechtsgrundlage: Art. 6 (1) 1 c) DSGVO: Auf Grundlage zur Erf\u00fcllung rechtlicher Verpflichtungen.<\/p>\n\n\n\n<p>E. EMPF\u00c4NGER:INNEN PERSONENBEZOGENER DATEN<\/p>\n\n\n\n<p>Das luca-System wird von der culture4life GmbH betrieben. Deren Unterauftragsnehmer:innen sind Anbieter:innen von Softwarewartungs- und Softwarebetriebsleistungen (derzeit neXenio GmbH) sowie Anbieter:innen von IT-Infrastrukturleistungen (derzeit Deutsche Telekom AG sowie Bundesdruckerei Gruppe GmbH). Es besteht eine Vereinbarung zur Auftragsverarbeitung zwischen dem Verantwortlichen und der culture4life GmbH. Die genannten Empf\u00e4nger:innen und Unterauftragsnehmer:innen k\u00f6nnen Ihre personenbezogenen Daten in keiner anderen Weise als zur Erf\u00fcllung der Dokumentationspflicht und zur Unterst\u00fctzung der Kontaktpersonenermittlung f\u00fcr uns verwenden. Dar\u00fcber hinaus k\u00f6nnen wir Ihre personenbezogenen Daten auf Nachfrage an die Gesundheitsbeh\u00f6rden freigeben um die Nachverfolgung zur erm\u00f6glichen.<\/p>\n\n\n\n<p>F. \u00dcBERMITTLUNG AN DRITTL\u00c4NDER Eine \u00dcbermittlung an ein Drittland oder eine internationale Organisation wird nicht vorgenommen.<\/p>\n\n\n\n<p>G. DAUER DER SPEICHERUNG PERSONENBEZOGENER DATEN Wir speichern Ihre personenbezogenen Daten f\u00fcr die Dauer von 4 Wochen. Ihre personenbezogenen Daten werden nach Ablauf von vier Wochen gel\u00f6scht.<\/p>\n\n\n\n<p>H. RECHTE DER BETROFFENEN PERSON Hinsichtlich der Verarbeitung Ihrer personenbezogenen Daten haben Sie folgende in der DSGVO vorgesehenen Rechte:<\/p>\n\n\n\n<ul class=\"wp-block-list\">\n<li>Das Recht, eine Best\u00e4tigung dar\u00fcber zu verlangen, ob Ihre personenbezogenen Daten verarbeitet werden und, sofern dies der Fall ist, das Recht auf Auskunft \u00fcber diese personenbezogenen Daten und bestimmte relevante Informationen. Diese Informationen umfassen unter anderem die Verarbeitungszwecke, die Kategorien verarbeiteter personenbezogener Daten und die Empf\u00e4nger:innen oder Kategorien der Empf\u00e4nger:innen, denen die personenbezogenen Daten offengelegt worden sind oder noch offengelegt werden (Art. 15 DSGVO). Bitte beachten Sie, dass die Rechte und Freiheiten anderer Personen Ihr Recht auf Auskunft einschr\u00e4nken k\u00f6nnen. Bei Verwendung des luca-Systems werden Nutzerdaten verschl\u00fcsselt gespeichert, sodass das Nutzergeheimnis in seiner unverschl\u00fcsselten Form grunds\u00e4tzlich nur im Besitz der\/des Nutzers:in verbleibt. Daher k\u00f6nnen wir im Regelfall nicht nachverfolgen, ob personenbezogene Daten einer bestimmten Person im luca-System verarbeitet werden. Bitte beachte aber, dass alle Daten in einem regelm\u00e4\u00dfigen Zeitraum aus dem luca-System gel\u00f6scht werden. Alle Nutzer:innen der luca App k\u00f6nnen in der eigenen Historie und den eigenen Kontaktdaten alle Verarbeitungsformen der erhobenen und verschl\u00fcsselt gespeicherten Daten einsehen.<\/li>\n\n\n\n<li>Das Recht, die Berichtigung Ihrer personenbezogenen Daten zu verlangen, sofern diese unrichtig oder unvollst\u00e4ndig sind (Art. 16 DSGVO).<\/li>\n\n\n\n<li>Das Recht, unter bestimmten Voraussetzungen zu verlangen, dass Ihre personenbezogenen Daten unverz\u00fcglich gel\u00f6scht werden (sog. \u201eRecht auf Vergessenwerden\u201c) (Art. 17 DSGVO). Bei Verwendung der luca App werden die personenbezogenen Daten mit Verschl\u00fcsselungstechniken gesichert, welche auf Schl\u00fcsseln basieren, die grunds\u00e4tzlich ausschlie\u00dflich durch die luca App auf Ihrem Endger\u00e4t gehalten werden. Ohne diese Schl\u00fcssel k\u00f6nnen wir die vorgenannten Daten Ihrer Person nicht zuordnen und demgem\u00e4\u00df nicht l\u00f6schen. Diese Daten werden allerdings nach 14 Tagen in unserem System und j\u00e4hrlich automatisch im luca-System gel\u00f6scht. Zudem l\u00f6schen wir Ihre Daten, sobald Sie und Verwendung der L\u00f6schfunktion in der luca App diese deinstallieren und ggf. gesetzlich verpflichtende Aufbewahrungsfristen abgelaufen sind. Sofern wir Daten \u00fcber Sie gespeichert haben, die wir Ihnen zuordnen k\u00f6nnen oder die nicht auf den von Ihnen innerhalb der luca App hinterlegten Informationen beruhen, werden wir diese Daten entsprechend Ihrer Anfrage l\u00f6schen.<\/li>\n\n\n\n<li>Das Recht, unter bestimmten Voraussetzungen die Einschr\u00e4nkung der Verarbeitung Ihrer personenbezogenen Daten zu verlangen (Art. 18 DSGVO). \u00a7 Das Recht, in bestimmten Situationen der Verarbeitung Ihrer personenbezogenen Daten zu widersprechen, sofern die Verarbeitung auf einem berechtigten Interesse von uns oder eines Dritten gem\u00e4\u00df Art. 6 (1) 1 f) DSGVO beruht oder Ihre personenbezogenen Daten f\u00fcr Zwecke der Direktwerbung verarbeitet werden (Art. 21 DSGVO).<\/li>\n\n\n\n<li>Das Recht, eine hinsichtlich der Verarbeitung Ihrer personenbezogenen Daten gegen\u00fcber uns erteilte Einwilligung jederzeit zu widerrufen. Ein solcher Widerruf ber\u00fchrt nicht die Rechtm\u00e4\u00dfigkeit der Verarbeitung, die bis zu Ihrem Widerruf erfolgt ist. Bitte beachten Sie, dass bei Widerruf die verschl\u00fcsselten Daten aufgrund der Verschl\u00fcsselung Ihnen nicht zugeordnet und daher bis zu ihrer automatischen L\u00f6schung nicht von einer Verarbeitung ausgeschlossen werden k\u00f6nnen. Bitte beachten Sie, dass wir Ihre personenbezogenen Daten grunds\u00e4tzlich nicht in Form von Klardaten, sondern verschl\u00fcsselt verarbeiten, und wir daher in bestimmten F\u00e4llen nicht in der Lage sein werden, einer entsprechenden Aufforderung durch Sie zur Gew\u00e4hrung der vorgenannten Rechte nachzukommen. Zur Aus\u00fcbung dieser Rechte gegen\u00fcber uns k\u00f6nnen Sie sich auch an uns unter den in Teil A dieser Datenschutzerkl\u00e4rung genannten Kontaktdaten wenden. Ungeachtet der vorstehenden Rechte haben sie das Recht, Beschwerde bei unserer zust\u00e4ndigen Aufsichtsbeh\u00f6rde f\u00fcr Datenschutz und Informationsfreiheit einzulegen. Die Anschrift lautet:<br><strong>Landesbeauftragte f\u00fcr Datenschutz und Informationsfreiheit Nordrhein-Westfalen<\/strong><br>Postfach 20 04 44<br>40102 D\u00fcsseldorf<br>Tel.: 0211\/38424-0<br>Fax: 0211\/38424-999<br>E-Mail: <a href=\"mailto:poststelle@ldi.nrw.de\">poststelle@ldi.nrw.de<\/a><\/li>\n<\/ul>\n\n\n\n<p>I. VERSION<br>Dies ist die aktuelle Fassung unserer Datenschutzerkl\u00e4rung. Wir behalten uns vor, diese Datenschutzerkl\u00e4rung anzupassen (insbesondere im Falle von \u00c4nderungen der Rechtslage oder \u00c4nderungen unserer Dienste). \u00c4nderungen dieser Datenschutzerkl\u00e4rung werden auf unserer Webseite ver\u00f6ffentlicht.<\/p>\n","protected":false},"excerpt":{"rendered":"<p>Impressum Angaben gem\u00e4\u00df \u00a7 5 TMG: VfB-Kreuzberg e.V.Westfalenstra\u00dfe 3a51688 Wipperf\u00fcrth-Kreuzberg Vertreten durch: Dirk Reutemann (1. Vorsitzender) Kontakt: E-Mail: dirk.reutemann@web.de Verantwortlich f\u00fcr den Inhalt nach \u00a7 55 Abs. 2 RStV: Martin WegerhoffIm Siepen 351688 Wipperf\u00fcrthE-Mail: martin_wegerhoff@t-online.de Quelle: Durch den von Rechtsanwalt S\u00f6ren Siebert bereitgestellten Impressum-Generator generiert. Haftungsausschluss: Haftung f\u00fcr Inhalte Die Inhalte unserer Seiten wurden mit [&hellip;]<\/p>\n","protected":false},"author":1,"featured_media":0,"parent":0,"menu_order":0,"comment_status":"closed","ping_status":"closed","template":"","meta":{"footnotes":""},"class_list":["post-134","page","type-page","status-publish","hentry","no-featured-image"],"_links":{"self":[{"href":"http:\/\/vfb-kreuzberg.de\/index.php?rest_route=\/wp\/v2\/pages\/134","targetHints":{"allow":["GET"]}}],"collection":[{"href":"http:\/\/vfb-kreuzberg.de\/index.php?rest_route=\/wp\/v2\/pages"}],"about":[{"href":"http:\/\/vfb-kreuzberg.de\/index.php?rest_route=\/wp\/v2\/types\/page"}],"author":[{"embeddable":true,"href":"http:\/\/vfb-kreuzberg.de\/index.php?rest_route=\/wp\/v2\/users\/1"}],"replies":[{"embeddable":true,"href":"http:\/\/vfb-kreuzberg.de\/index.php?rest_route=%2Fwp%2Fv2%2Fcomments&post=134"}],"version-history":[{"count":7,"href":"http:\/\/vfb-kreuzberg.de\/index.php?rest_route=\/wp\/v2\/pages\/134\/revisions"}],"predecessor-version":[{"id":711,"href":"http:\/\/vfb-kreuzberg.de\/index.php?rest_route=\/wp\/v2\/pages\/134\/revisions\/711"}],"wp:attachment":[{"href":"http:\/\/vfb-kreuzberg.de\/index.php?rest_route=%2Fwp%2Fv2%2Fmedia&parent=134"}],"curies":[{"name":"wp","href":"https:\/\/api.w.org\/{rel}","templated":true}]}}