{"id":165,"date":"2019-10-22T15:18:32","date_gmt":"2019-10-22T15:18:32","guid":{"rendered":"http:\/\/vfb-kreuzberg.de\/?page_id=165"},"modified":"2019-10-22T19:01:37","modified_gmt":"2019-10-22T19:01:37","slug":"beitraege","status":"publish","type":"page","link":"http:\/\/vfb-kreuzberg.de\/?page_id=165","title":{"rendered":"Beitr\u00e4ge"},"content":{"rendered":"\n<p>Unser Verein lebt nicht von &#8222;Luft und Liebe&#8220;. Um die Anlagen und das Vereinsheim instand zu halten, neue Sportger\u00e4te zu erwerben, die Flutlichtanlage zu renovieren, alle mit guter Sportkleidung auszustatten usw. ben\u00f6tigt es Geld. Ein gro\u00dfer Teil davon stammt aus den Mitgliedsbeitr\u00e4gen.<\/p>\n\n\n\n<p>Hier sind die aktuellen S\u00e4tze zum Download:<\/p>\n\n\n\n<div class=\"wp-block-file\"><a href=\"http:\/\/vfb-kreuzberg.de\/wp-content\/uploads\/2019\/10\/Beitr\u00e4ge.pdf\">Beitr\u00e4ge<\/a><a href=\"http:\/\/vfb-kreuzberg.de\/wp-content\/uploads\/2019\/10\/Beitr\u00e4ge.pdf\" class=\"wp-block-file__button\" download>Herunterladen<\/a><\/div>\n","protected":false},"excerpt":{"rendered":"<p>Unser Verein lebt nicht von &#8222;Luft und Liebe&#8220;. Um die Anlagen und das Vereinsheim instand zu halten, neue Sportger\u00e4te zu erwerben, die Flutlichtanlage zu renovieren, alle mit guter Sportkleidung auszustatten usw. ben\u00f6tigt es Geld. Ein gro\u00dfer Teil davon stammt aus den Mitgliedsbeitr\u00e4gen. Hier sind die aktuellen S\u00e4tze zum Download:<\/p>\n","protected":false},"author":1,"featured_media":0,"parent":157,"menu_order":0,"comment_status":"closed","ping_status":"closed","template":"","meta":{"footnotes":""},"class_list":["post-165","page","type-page","status-publish","hentry","no-featured-image"],"_links":{"self":[{"href":"http:\/\/vfb-kreuzberg.de\/index.php?rest_route=\/wp\/v2\/pages\/165","targetHints":{"allow":["GET"]}}],"collection":[{"href":"http:\/\/vfb-kreuzberg.de\/index.php?rest_route=\/wp\/v2\/pages"}],"about":[{"href":"http:\/\/vfb-kreuzberg.de\/index.php?rest_route=\/wp\/v2\/types\/page"}],"author":[{"embeddable":true,"href":"http:\/\/vfb-kreuzberg.de\/index.php?rest_route=\/wp\/v2\/users\/1"}],"replies":[{"embeddable":true,"href":"http:\/\/vfb-kreuzberg.de\/index.php?rest_route=%2Fwp%2Fv2%2Fcomments&post=165"}],"version-history":[{"count":2,"href":"http:\/\/vfb-kreuzberg.de\/index.php?rest_route=\/wp\/v2\/pages\/165\/revisions"}],"predecessor-version":[{"id":220,"href":"http:\/\/vfb-kreuzberg.de\/index.php?rest_route=\/wp\/v2\/pages\/165\/revisions\/220"}],"up":[{"embeddable":true,"href":"http:\/\/vfb-kreuzberg.de\/index.php?rest_route=\/wp\/v2\/pages\/157"}],"wp:attachment":[{"href":"http:\/\/vfb-kreuzberg.de\/index.php?rest_route=%2Fwp%2Fv2%2Fmedia&parent=165"}],"curies":[{"name":"wp","href":"https:\/\/api.w.org\/{rel}","templated":true}]}}