{"id":603,"date":"2022-06-15T16:19:01","date_gmt":"2022-06-15T16:19:01","guid":{"rendered":"http:\/\/vfb-kreuzberg.de\/?page_id=603"},"modified":"2022-06-15T16:52:13","modified_gmt":"2022-06-15T16:52:13","slug":"kinder-stark-machen","status":"publish","type":"page","link":"http:\/\/vfb-kreuzberg.de\/?page_id=603","title":{"rendered":"Kinder stark machen"},"content":{"rendered":"\n<h1 class=\"wp-block-heading\">Starke Kinder beim VfB Kreuzberg<\/h1>\n\n\n\n<p>Ende Mai 2022 war FVM-Referent Michael Binot in wichtiger Mission beim VfB Kreuzberg zu Besuch: <strong>\u201eKinder stark machen\u201c!<\/strong><\/p>\n\n\n\n<figure class=\"wp-block-image size-large\"><img loading=\"lazy\" decoding=\"async\" width=\"1024\" height=\"768\" src=\"http:\/\/vfb-kreuzberg.de\/wp-content\/uploads\/2022\/06\/IMG_20220520_171629-1024x768.jpg\" alt=\"\" class=\"wp-image-607\" srcset=\"http:\/\/vfb-kreuzberg.de\/wp-content\/uploads\/2022\/06\/IMG_20220520_171629-1024x768.jpg 1024w, http:\/\/vfb-kreuzberg.de\/wp-content\/uploads\/2022\/06\/IMG_20220520_171629-300x225.jpg 300w, http:\/\/vfb-kreuzberg.de\/wp-content\/uploads\/2022\/06\/IMG_20220520_171629-768x576.jpg 768w, http:\/\/vfb-kreuzberg.de\/wp-content\/uploads\/2022\/06\/IMG_20220520_171629-1536x1152.jpg 1536w, http:\/\/vfb-kreuzberg.de\/wp-content\/uploads\/2022\/06\/IMG_20220520_171629-2048x1536.jpg 2048w, http:\/\/vfb-kreuzberg.de\/wp-content\/uploads\/2022\/06\/IMG_20220520_171629-800x600.jpg 800w\" sizes=\"auto, (max-width: 1024px) 100vw, 1024px\" \/><\/figure>\n\n\n\n<p>Der VfB Kreuzberg beteiligte sich an der bundesweiten Mitmach-Initiative \u201eKinder stark machen\u201c der Bundeszentrale f\u00fcr gesundheitliche Aufkl\u00e4rung (BZgA). Gerichtet ist \u201eKinder stark machen\u201c an Erwachsene, die Verantwortung f\u00fcr Kinder und Jugendliche tragen. Mit dabei waren am Freitagabend neben unseren Trainer*innen und unserem Vorsitzenden G\u00fcnter Gr\u00f6ss auch Freunde von benachbarten Sportvereinen sowie unser Jugendbildungsbeauftragter vom Kreis Berg, Georg Jesinghaus.<\/p>\n\n\n\n<p>In einer vierst\u00fcndigen Schulung erhielten die Teilnehmer in lockerer Atmosph\u00e4re und mit viel Spa\u00df n\u00fctzliche Tipps f\u00fcr Ihren sportlichen Alltag mit Kindern, &nbsp;Jugendlichen und deren Bed\u00fcrfnissen.<\/p>\n\n\n\n<figure class=\"wp-block-image size-large\"><img loading=\"lazy\" decoding=\"async\" width=\"1024\" height=\"768\" src=\"http:\/\/vfb-kreuzberg.de\/wp-content\/uploads\/2022\/06\/IMG_20220520_185242-1024x768.jpg\" alt=\"\" class=\"wp-image-608\" srcset=\"http:\/\/vfb-kreuzberg.de\/wp-content\/uploads\/2022\/06\/IMG_20220520_185242-1024x768.jpg 1024w, http:\/\/vfb-kreuzberg.de\/wp-content\/uploads\/2022\/06\/IMG_20220520_185242-300x225.jpg 300w, http:\/\/vfb-kreuzberg.de\/wp-content\/uploads\/2022\/06\/IMG_20220520_185242-768x576.jpg 768w, http:\/\/vfb-kreuzberg.de\/wp-content\/uploads\/2022\/06\/IMG_20220520_185242-1536x1152.jpg 1536w, http:\/\/vfb-kreuzberg.de\/wp-content\/uploads\/2022\/06\/IMG_20220520_185242-2048x1536.jpg 2048w, http:\/\/vfb-kreuzberg.de\/wp-content\/uploads\/2022\/06\/IMG_20220520_185242-800x600.jpg 800w\" sizes=\"auto, (max-width: 1024px) 100vw, 1024px\" \/><\/figure>\n\n\n\n<p>Die Schulung begann mit \u201eKleinen Spielen\u201c aus dem Bereich Kommunikation, Kooperation, Vertrauen, Abenteuer und Erlebnis. Die Spiele standen in engem Zusammenhang mit dem Thema \u201eSuchtvorbeugung und F\u00f6rderung von Lebenskompetenz\u201c Anschlie\u00dfend wurde im theoretischen Teil der Schulung erarbeitet, wie Sucht entstehen kann und welche M\u00f6glichkeiten Sportvereine in ihrer praktischen Arbeit im Verein haben, um die Entwicklung von Kindern und Jugendlichen zu f\u00f6rdern.<\/p>\n\n\n\n<p>Ziel von \u201eKinder stark machen\u201c ist eine fr\u00fche Suchtvorbeugung. Durch die St\u00e4rkung des Selbstvertrauens und die F\u00f6rderung ihrer Konflikt- und Kommunikationsf\u00e4higkeit sollen Kinder und Jugendliche lernen, auch gegen Gruppendruck \u201eNein\u201c zu Suchtmitteln aller Art sagen zu k\u00f6nnen. Neben dem Elternhaus und der Schule sehen wir uns dort in der Verantwortung und m\u00f6chten einen wichtigen Beitrag leisten. Denn Trainerinnen und Trainer sind h\u00e4ufig Vorbilder und Vertrauenspersonen. Im Sportverein lernen Kinder und Jugendliche, ihre F\u00e4higkeiten und Grenzen auszuloten, mit Erfolg und Misserfolg umzugehen, anderen zu vertrauen und gemeinsam Konflikte zu l\u00f6sen.<\/p>\n\n\n\n<figure class=\"wp-block-image size-large\"><img loading=\"lazy\" decoding=\"async\" width=\"1024\" height=\"768\" src=\"http:\/\/vfb-kreuzberg.de\/wp-content\/uploads\/2022\/06\/IMG_20220520_201857-1-1024x768.jpg\" alt=\"\" class=\"wp-image-606\" srcset=\"http:\/\/vfb-kreuzberg.de\/wp-content\/uploads\/2022\/06\/IMG_20220520_201857-1-1024x768.jpg 1024w, http:\/\/vfb-kreuzberg.de\/wp-content\/uploads\/2022\/06\/IMG_20220520_201857-1-300x225.jpg 300w, http:\/\/vfb-kreuzberg.de\/wp-content\/uploads\/2022\/06\/IMG_20220520_201857-1-768x576.jpg 768w, http:\/\/vfb-kreuzberg.de\/wp-content\/uploads\/2022\/06\/IMG_20220520_201857-1-1536x1152.jpg 1536w, http:\/\/vfb-kreuzberg.de\/wp-content\/uploads\/2022\/06\/IMG_20220520_201857-1-2048x1537.jpg 2048w, http:\/\/vfb-kreuzberg.de\/wp-content\/uploads\/2022\/06\/IMG_20220520_201857-1-800x600.jpg 800w\" sizes=\"auto, (max-width: 1024px) 100vw, 1024px\" \/><\/figure>\n\n\n\n<p>Der VfB Kreuzberg bedankt sich bei allen Teilnehmer*innen und freut sich darauf unsere Kinder und Jugendliche nicht nur sportlich sondern auch in Ihrer Pers\u00f6nlichkeit zu st\u00e4rken.<\/p>\n\n\n\n<p>Weitere Informationen unter <br><a href=\"http:\/\/www.kinderstarkmachen.de\">www.kinderstarkmachen.de<\/a> <br>(Sie verlassen dann die Webseite des VfB Kreuzberg)<\/p>\n\n\n\n<p>Hier gibt es eine Informationsbrosch\u00fcre im pdf-Format:<\/p>\n\n\n\n<div data-wp-interactive=\"core\/file\" class=\"wp-block-file\"><object data-wp-bind--hidden=\"!state.hasPdfPreview\" hidden class=\"wp-block-file__embed\" data=\"http:\/\/vfb-kreuzberg.de\/wp-content\/uploads\/2022\/04\/diga_leitfaden.pdf\" type=\"application\/pdf\" style=\"width:100%;height:600px\" aria-label=\"Einbettung von Einbettung von diga_leitfaden..\"><\/object><a id=\"wp-block-file--media-e0de7301-1d5d-4216-af85-39c7d2915c2b\" href=\"http:\/\/vfb-kreuzberg.de\/wp-content\/uploads\/2022\/04\/diga_leitfaden.pdf\">diga_leitfaden<\/a><a href=\"http:\/\/vfb-kreuzberg.de\/wp-content\/uploads\/2022\/04\/diga_leitfaden.pdf\" class=\"wp-block-file__button\" download aria-describedby=\"wp-block-file--media-e0de7301-1d5d-4216-af85-39c7d2915c2b\">Herunterladen<\/a><\/div>\n","protected":false},"excerpt":{"rendered":"<p>Starke Kinder beim VfB Kreuzberg Ende Mai 2022 war FVM-Referent Michael Binot in wichtiger Mission beim VfB Kreuzberg zu Besuch: \u201eKinder stark machen\u201c! Der VfB Kreuzberg beteiligte sich an der bundesweiten Mitmach-Initiative \u201eKinder stark machen\u201c der Bundeszentrale f\u00fcr gesundheitliche Aufkl\u00e4rung (BZgA). Gerichtet ist \u201eKinder stark machen\u201c an Erwachsene, die Verantwortung f\u00fcr Kinder und Jugendliche tragen. [&hellip;]<\/p>\n","protected":false},"author":1,"featured_media":604,"parent":0,"menu_order":1,"comment_status":"closed","ping_status":"closed","template":"","meta":{"footnotes":""},"class_list":["post-603","page","type-page","status-publish","has-post-thumbnail","hentry","has-featured-image"],"_links":{"self":[{"href":"http:\/\/vfb-kreuzberg.de\/index.php?rest_route=\/wp\/v2\/pages\/603","targetHints":{"allow":["GET"]}}],"collection":[{"href":"http:\/\/vfb-kreuzberg.de\/index.php?rest_route=\/wp\/v2\/pages"}],"about":[{"href":"http:\/\/vfb-kreuzberg.de\/index.php?rest_route=\/wp\/v2\/types\/page"}],"author":[{"embeddable":true,"href":"http:\/\/vfb-kreuzberg.de\/index.php?rest_route=\/wp\/v2\/users\/1"}],"replies":[{"embeddable":true,"href":"http:\/\/vfb-kreuzberg.de\/index.php?rest_route=%2Fwp%2Fv2%2Fcomments&post=603"}],"version-history":[{"count":6,"href":"http:\/\/vfb-kreuzberg.de\/index.php?rest_route=\/wp\/v2\/pages\/603\/revisions"}],"predecessor-version":[{"id":625,"href":"http:\/\/vfb-kreuzberg.de\/index.php?rest_route=\/wp\/v2\/pages\/603\/revisions\/625"}],"wp:featuredmedia":[{"embeddable":true,"href":"http:\/\/vfb-kreuzberg.de\/index.php?rest_route=\/wp\/v2\/media\/604"}],"wp:attachment":[{"href":"http:\/\/vfb-kreuzberg.de\/index.php?rest_route=%2Fwp%2Fv2%2Fmedia&parent=603"}],"curies":[{"name":"wp","href":"https:\/\/api.w.org\/{rel}","templated":true}]}}