{"id":99,"date":"2019-10-22T11:27:39","date_gmt":"2019-10-22T11:27:39","guid":{"rendered":"http:\/\/vfb-kreuzberg.de\/?page_id=99"},"modified":"2025-08-27T09:59:17","modified_gmt":"2025-08-27T09:59:17","slug":"fussball","status":"publish","type":"page","link":"http:\/\/vfb-kreuzberg.de\/?page_id=99","title":{"rendered":"Fu\u00dfball"},"content":{"rendered":"\n<p>F\u00fcr eine schnelle \u00dcbersicht \u00fcber die Aktivit\u00e4ten und Ergebnisse unserer Fu\u00dfball-Teams ist der folgende Link n\u00fctzlich:<\/p>\n\n\n\n<div class=\"wp-block-button\"><a class=\"wp-block-button__link wp-element-button\" href=\"http:\/\/www.fussball.de\/verein\/vfb-kreuzberg-mittelrhein\/-\/id\/00ES8GN92C00001LVV0AG08LVUPGND5I#!\/\">Fussball.de &#8211; VfB Kreuzberg<\/a><\/div>\n\n\n\n<p>Um auf die Facebook-Seite der Fu\u00dfballer zu gelangen, gibt&#8217;s den folgenden Link:<\/p>\n\n\n\n<div class=\"wp-block-button\"><a class=\"wp-block-button__link wp-element-button\" href=\"https:\/\/www.facebook.com\/kreuzberg.sport\/?ref=br_rs\">Facebook Fu\u00dfball<\/a><\/div>\n\n\n\n<p>Auf den weiteren Seiten folgen individuelle Eindr\u00fccke und Informationen:<\/p>\n\n\n\n<div class=\"wp-block-button\"><a class=\"wp-block-button__link wp-element-button\" href=\"http:\/\/vfb-kreuzberg.de\/?page_id=258\">U17-Juniorinnen<\/a><\/div>\n\n\n\n<div class=\"wp-block-button\"><a class=\"wp-block-button__link wp-element-button\" href=\"http:\/\/vfb-kreuzberg.de\/?page_id=103\">1. Herren<\/a><\/div>\n\n\n\n<div class=\"wp-block-button\"><a class=\"wp-block-button__link wp-element-button\" href=\"http:\/\/vfb-kreuzberg.de\/?page_id=223\">Alte Herren<\/a><\/div>\n\n\n\n<div class=\"wp-block-button\"><a class=\"wp-block-button__link wp-element-button\" href=\"http:\/\/vfb-kreuzberg.de\/?page_id=311\">Gehfu\u00dfball<\/a><\/div>\n\n\n\n<div class=\"wp-block-button\"><a class=\"wp-block-button__link wp-element-button\" href=\"http:\/\/vfb-kreuzberg.de\/?page_id=255\">B &#8211; Junioren<\/a><\/div>\n\n\n\n<div class=\"wp-block-button\"><a class=\"wp-block-button__link wp-element-button\" href=\"http:\/\/vfb-kreuzberg.de\/?page_id=243\">C &#8211; Junioren<\/a><\/div>\n\n\n\n<div class=\"wp-block-button\"><a class=\"wp-block-button__link wp-element-button\" href=\"http:\/\/vfb-kreuzberg.de\/?page_id=767\">D &#8211; Junioren<\/a><\/div>\n\n\n\n<div class=\"wp-block-button\"><a class=\"wp-block-button__link wp-element-button\" href=\"http:\/\/vfb-kreuzberg.de\/?page_id=828\">U11 Junioren<\/a><\/div>\n\n\n\n<div class=\"wp-block-button\"><a class=\"wp-block-button__link wp-element-button\" href=\"http:\/\/vfb-kreuzberg.de\/?page_id=247\">U 9 Junioren<\/a><\/div>\n\n\n\n<div class=\"wp-block-button\"><a class=\"wp-block-button__link wp-element-button\" href=\"http:\/\/vfb-kreuzberg.de\/?page_id=251\">U8 Junioren &amp; Bambini<\/a><\/div>\n\n\n\n<p><\/p>\n","protected":false},"excerpt":{"rendered":"<p>F\u00fcr eine schnelle \u00dcbersicht \u00fcber die Aktivit\u00e4ten und Ergebnisse unserer Fu\u00dfball-Teams ist der folgende Link n\u00fctzlich: Um auf die Facebook-Seite der Fu\u00dfballer zu gelangen, gibt&#8217;s den folgenden Link: Auf den weiteren Seiten folgen individuelle Eindr\u00fccke und Informationen:<\/p>\n","protected":false},"author":1,"featured_media":274,"parent":97,"menu_order":0,"comment_status":"closed","ping_status":"closed","template":"","meta":{"footnotes":""},"class_list":["post-99","page","type-page","status-publish","has-post-thumbnail","hentry","has-featured-image"],"_links":{"self":[{"href":"http:\/\/vfb-kreuzberg.de\/index.php?rest_route=\/wp\/v2\/pages\/99","targetHints":{"allow":["GET"]}}],"collection":[{"href":"http:\/\/vfb-kreuzberg.de\/index.php?rest_route=\/wp\/v2\/pages"}],"about":[{"href":"http:\/\/vfb-kreuzberg.de\/index.php?rest_route=\/wp\/v2\/types\/page"}],"author":[{"embeddable":true,"href":"http:\/\/vfb-kreuzberg.de\/index.php?rest_route=\/wp\/v2\/users\/1"}],"replies":[{"embeddable":true,"href":"http:\/\/vfb-kreuzberg.de\/index.php?rest_route=%2Fwp%2Fv2%2Fcomments&post=99"}],"version-history":[{"count":36,"href":"http:\/\/vfb-kreuzberg.de\/index.php?rest_route=\/wp\/v2\/pages\/99\/revisions"}],"predecessor-version":[{"id":850,"href":"http:\/\/vfb-kreuzberg.de\/index.php?rest_route=\/wp\/v2\/pages\/99\/revisions\/850"}],"up":[{"embeddable":true,"href":"http:\/\/vfb-kreuzberg.de\/index.php?rest_route=\/wp\/v2\/pages\/97"}],"wp:featuredmedia":[{"embeddable":true,"href":"http:\/\/vfb-kreuzberg.de\/index.php?rest_route=\/wp\/v2\/media\/274"}],"wp:attachment":[{"href":"http:\/\/vfb-kreuzberg.de\/index.php?rest_route=%2Fwp%2Fv2%2Fmedia&parent=99"}],"curies":[{"name":"wp","href":"https:\/\/api.w.org\/{rel}","templated":true}]}}